{"id":659,"date":"2025-07-15T20:06:59","date_gmt":"2025-07-15T20:06:59","guid":{"rendered":"http:\/\/cirtagro.com\/about\/"},"modified":"2025-07-21T10:00:49","modified_gmt":"2025-07-21T10:00:49","slug":"about","status":"publish","type":"page","link":"https:\/\/cirtagro.com\/fr\/about\/","title":{"rendered":"\u00c0 propos"},"content":{"rendered":"<div data-elementor-type=\"wp-post\" data-elementor-id=\"659\" class=\"elementor elementor-659\">\n\t\t\t\t<div class=\"elementor-element elementor-element-28756bf e-flex e-con-boxed e-con e-parent\" data-id=\"28756bf\" data-element_type=\"container\" data-settings=\"{&quot;background_background&quot;:&quot;classic&quot;}\">\n\t\t\t\t\t<div class=\"e-con-inner\">\n\t\t<div class=\"elementor-element elementor-element-fc4258e e-con-full e-flex e-con e-child\" data-id=\"fc4258e\" data-element_type=\"container\">\n\t\t\t\t<div class=\"elementor-element elementor-element-802e70a elementor-widget elementor-widget-heading\" data-id=\"802e70a\" data-element_type=\"widget\" data-widget_type=\"heading.default\">\n\t\t\t\t\t<h5 class=\"elementor-heading-title elementor-size-default\">Quelques mots<\/h5>\t\t\t\t<\/div>\n\t\t<div class=\"elementor-element elementor-element-11ffd5f e-con-full e-flex e-con e-child\" data-id=\"11ffd5f\" data-element_type=\"container\">\n\t\t\t\t<div class=\"elementor-element elementor-element-855e852 elementor-widget elementor-widget-image\" data-id=\"855e852\" data-element_type=\"widget\" data-widget_type=\"image.default\">\n\t\t\t\t\t\t\t\t\t\t\t\t\t\t\t<img decoding=\"async\" src=\"https:\/\/cirtagro.com\/wp-content\/uploads\/2025\/07\/Untitled-200-x-50-px.png\" title=\"untitled (200 x 50 px)\" alt=\"untitled (200 x 50 px)\" loading=\"lazy\" \/>\t\t\t\t\t\t\t\t\t\t\t\t\t\t\t<\/div>\n\t\t\t\t<div class=\"elementor-element elementor-element-c7f40ea elementor-widget__width-initial elementor-widget-tablet__width-initial elementor-widget-mobile__width-initial elementor-widget elementor-widget-heading\" data-id=\"c7f40ea\" data-element_type=\"widget\" data-widget_type=\"heading.default\">\n\t\t\t\t\t<h1 class=\"elementor-heading-title elementor-size-default\">\u00c0 propos de nous<\/h1>\t\t\t\t<\/div>\n\t\t\t\t<div class=\"elementor-element elementor-element-d4c4052 elementor-widget elementor-widget-image\" data-id=\"d4c4052\" data-element_type=\"widget\" data-widget_type=\"image.default\">\n\t\t\t\t\t\t\t\t\t\t\t\t\t\t\t<img decoding=\"async\" src=\"https:\/\/cirtagro.com\/wp-content\/uploads\/2025\/07\/Untitled-200-x-50-px.png\" title=\"untitled (200 x 50 px)\" alt=\"untitled (200 x 50 px)\" loading=\"lazy\" \/>\t\t\t\t\t\t\t\t\t\t\t\t\t\t\t<\/div>\n\t\t\t\t<\/div>\n\t\t\t\t<\/div>\n\t\t\t\t\t<\/div>\n\t\t\t\t<\/div>\n\t\t<div class=\"elementor-element elementor-element-8297cfa e-flex e-con-boxed e-con e-parent\" data-id=\"8297cfa\" data-element_type=\"container\" data-settings=\"{&quot;background_background&quot;:&quot;classic&quot;}\">\n\t\t\t\t\t<div class=\"e-con-inner\">\n\t\t<div class=\"elementor-element elementor-element-3889d80 e-con-full e-flex e-con e-child\" data-id=\"3889d80\" data-element_type=\"container\">\n\t\t\t\t<div class=\"elementor-element elementor-element-e5e702b elementor-widget elementor-widget-heading\" data-id=\"e5e702b\" data-element_type=\"widget\" data-widget_type=\"heading.default\">\n\t\t\t\t\t<h5 class=\"elementor-heading-title elementor-size-default\">Bienvenue<\/h5>\t\t\t\t<\/div>\n\t\t\t\t<div class=\"elementor-element elementor-element-717dbb5 elementor-widget elementor-widget-heading\" data-id=\"717dbb5\" data-element_type=\"widget\" data-widget_type=\"heading.default\">\n\t\t\t\t\t<h2 class=\"elementor-heading-title elementor-size-default\">Quelques mots \u00e0 propos de nous<\/h2>\t\t\t\t<\/div>\n\t\t\t\t<div class=\"elementor-element elementor-element-9d2dae1 elementor-widget-divider--view-line elementor-widget elementor-widget-divider\" data-id=\"9d2dae1\" data-element_type=\"widget\" data-widget_type=\"divider.default\">\n\t\t\t\t\t\t\t<div class=\"elementor-divider\">\n\t\t\t<span class=\"elementor-divider-separator\">\n\t\t\t\t\t\t<\/span>\n\t\t<\/div>\n\t\t\t\t\t\t<\/div>\n\t\t\t\t<\/div>\n\t\t<div class=\"elementor-element elementor-element-4ac8d54 e-con-full e-flex e-con e-child\" data-id=\"4ac8d54\" data-element_type=\"container\">\n\t\t\t\t<div class=\"elementor-element elementor-element-c6fc8e2 elementor-widget elementor-widget-text-editor\" data-id=\"c6fc8e2\" data-element_type=\"widget\" data-widget_type=\"text-editor.default\">\n\t\t\t\t\t\t\t\t\t<p data-start=\"349\" data-end=\"467\"><strong data-start=\"112\" data-end=\"138\">EURL CIRTA CONSERVERIE<\/strong> est une entreprise agroalimentaire alg\u00e9rienne bas\u00e9e en Kabylie, engag\u00e9e dans des pratiques naturelles et durables. Sp\u00e9cialis\u00e9e dans la transformation et la conservation des fruits et l\u00e9gumes, elle propose des produits 100 % naturels, sans additifs ni conservateurs. Son approche allie savoir-faire traditionnel et m\u00e9thodes respectueuses de l\u2019environnement, allant de la fabrication artisanale de confitures et de condiments \u00e0 la valorisation des d\u00e9chets agricoles en \u00e9nergie biomasse. Forte d\u2019une exp\u00e9rience \u00e0 l\u2019export vers l\u2019Europe, l\u2019Afrique et le Moyen-Orient, EURL CIRTA CONSERVERIE partage fi\u00e8rement la richesse de la terre kabyle avec le monde.<\/p>\t\t\t\t\t\t\t\t<\/div>\n\t\t\t\t<\/div>\n\t\t\t\t\t<\/div>\n\t\t\t\t<\/div>\n\t\t<div class=\"elementor-element elementor-element-5cc8296 e-con-full e-flex e-con e-parent\" data-id=\"5cc8296\" data-element_type=\"container\">\n\t\t<div class=\"elementor-element elementor-element-21d354d e-con-full e-flex e-con e-child\" data-id=\"21d354d\" data-element_type=\"container\" data-settings=\"{&quot;background_background&quot;:&quot;classic&quot;}\">\n\t\t\t\t<div class=\"elementor-element elementor-element-84ec67f elementor-widget elementor-widget-image\" data-id=\"84ec67f\" data-element_type=\"widget\" data-widget_type=\"image.default\">\n\t\t\t\t\t\t\t\t\t\t\t\t\t\t\t<img fetchpriority=\"high\" decoding=\"async\" width=\"1024\" height=\"874\" src=\"https:\/\/cirtagro.com\/wp-content\/uploads\/2025\/07\/ChatGPT-Image-Jul-17-2025-10_16_34-PM-1.png\" class=\"attachment-full size-full wp-image-1543\" alt=\"kayle biomass picture\" srcset=\"https:\/\/cirtagro.com\/wp-content\/uploads\/2025\/07\/ChatGPT-Image-Jul-17-2025-10_16_34-PM-1.png 1024w, https:\/\/cirtagro.com\/wp-content\/uploads\/2025\/07\/ChatGPT-Image-Jul-17-2025-10_16_34-PM-1-300x256.png 300w, https:\/\/cirtagro.com\/wp-content\/uploads\/2025\/07\/ChatGPT-Image-Jul-17-2025-10_16_34-PM-1-768x656.png 768w, https:\/\/cirtagro.com\/wp-content\/uploads\/2025\/07\/ChatGPT-Image-Jul-17-2025-10_16_34-PM-1-14x12.png 14w, https:\/\/cirtagro.com\/wp-content\/uploads\/2025\/07\/ChatGPT-Image-Jul-17-2025-10_16_34-PM-1-596x509.png 596w\" sizes=\"(max-width: 1024px) 100vw, 1024px\" \/>\t\t\t\t\t\t\t\t\t\t\t\t\t\t\t<\/div>\n\t\t\t\t<\/div>\n\t\t<div class=\"elementor-element elementor-element-5f5a69f e-con-full e-flex e-con e-child\" data-id=\"5f5a69f\" data-element_type=\"container\" data-settings=\"{&quot;background_background&quot;:&quot;classic&quot;}\">\n\t\t\t\t<div class=\"elementor-element elementor-element-8e63b0a elementor-widget elementor-widget-image\" data-id=\"8e63b0a\" data-element_type=\"widget\" data-widget_type=\"image.default\">\n\t\t\t\t\t\t\t\t\t\t\t\t\t\t\t<img decoding=\"async\" width=\"1536\" height=\"1024\" src=\"https:\/\/cirtagro.com\/wp-content\/uploads\/2025\/07\/ChatGPT-Image-Jul-17-2025-08_55_17-PM.png\" class=\"attachment-full size-full wp-image-1504\" alt=\"Our Preserves picture\" srcset=\"https:\/\/cirtagro.com\/wp-content\/uploads\/2025\/07\/ChatGPT-Image-Jul-17-2025-08_55_17-PM.png 1536w, https:\/\/cirtagro.com\/wp-content\/uploads\/2025\/07\/ChatGPT-Image-Jul-17-2025-08_55_17-PM-300x200.png 300w, https:\/\/cirtagro.com\/wp-content\/uploads\/2025\/07\/ChatGPT-Image-Jul-17-2025-08_55_17-PM-1024x683.png 1024w, https:\/\/cirtagro.com\/wp-content\/uploads\/2025\/07\/ChatGPT-Image-Jul-17-2025-08_55_17-PM-768x512.png 768w, https:\/\/cirtagro.com\/wp-content\/uploads\/2025\/07\/ChatGPT-Image-Jul-17-2025-08_55_17-PM-18x12.png 18w, https:\/\/cirtagro.com\/wp-content\/uploads\/2025\/07\/ChatGPT-Image-Jul-17-2025-08_55_17-PM-1320x880.png 1320w, https:\/\/cirtagro.com\/wp-content\/uploads\/2025\/07\/ChatGPT-Image-Jul-17-2025-08_55_17-PM-596x397.png 596w\" sizes=\"(max-width: 1536px) 100vw, 1536px\" \/>\t\t\t\t\t\t\t\t\t\t\t\t\t\t\t<\/div>\n\t\t\t\t<\/div>\n\t\t\t\t<\/div>\n\t\t<div class=\"elementor-element elementor-element-e954ff9 e-flex e-con-boxed e-con e-parent\" data-id=\"e954ff9\" data-element_type=\"container\" data-settings=\"{&quot;background_background&quot;:&quot;classic&quot;}\">\n\t\t\t\t\t<div class=\"e-con-inner\">\n\t\t<div class=\"elementor-element elementor-element-cbddb06 e-con-full e-flex e-con e-child\" data-id=\"cbddb06\" data-element_type=\"container\">\n\t\t\t\t<div class=\"elementor-element elementor-element-244fe57 elementor-widget elementor-widget-counter\" data-id=\"244fe57\" data-element_type=\"widget\" data-widget_type=\"counter.default\">\n\t\t\t\t\t\t\t<div class=\"elementor-counter\">\n\t\t\t<div class=\"elementor-counter-title\">Produits<\/div>\t\t\t<div class=\"elementor-counter-number-wrapper\">\n\t\t\t\t<span class=\"elementor-counter-number-prefix\"><\/span>\n\t\t\t\t<span class=\"elementor-counter-number\" data-duration=\"2000\" data-to-value=\"50\" data-from-value=\"0\" data-delimiter=\",\">0<\/span>\n\t\t\t\t<span class=\"elementor-counter-number-suffix\">+<\/span>\n\t\t\t<\/div>\n\t\t<\/div>\n\t\t\t\t\t\t<\/div>\n\t\t\t\t<\/div>\n\t\t<div class=\"elementor-element elementor-element-e03d781 e-con-full e-flex e-con e-child\" data-id=\"e03d781\" data-element_type=\"container\">\n\t\t\t\t<div class=\"elementor-element elementor-element-7e367b7 elementor-widget elementor-widget-counter\" data-id=\"7e367b7\" data-element_type=\"widget\" data-widget_type=\"counter.default\">\n\t\t\t\t\t\t\t<div class=\"elementor-counter\">\n\t\t\t<div class=\"elementor-counter-title\">Clients satisfaits<\/div>\t\t\t<div class=\"elementor-counter-number-wrapper\">\n\t\t\t\t<span class=\"elementor-counter-number-prefix\"><\/span>\n\t\t\t\t<span class=\"elementor-counter-number\" data-duration=\"2000\" data-to-value=\"100\" data-from-value=\"0\" data-delimiter=\",\">0<\/span>\n\t\t\t\t<span class=\"elementor-counter-number-suffix\">+<\/span>\n\t\t\t<\/div>\n\t\t<\/div>\n\t\t\t\t\t\t<\/div>\n\t\t\t\t<\/div>\n\t\t<div class=\"elementor-element elementor-element-45df81b e-con-full e-flex e-con e-child\" data-id=\"45df81b\" data-element_type=\"container\">\n\t\t\t\t<div class=\"elementor-element elementor-element-8af6176 elementor-widget elementor-widget-counter\" data-id=\"8af6176\" data-element_type=\"widget\" data-widget_type=\"counter.default\">\n\t\t\t\t\t\t\t<div class=\"elementor-counter\">\n\t\t\t<div class=\"elementor-counter-title\">Ann\u00e9es d\u2019expertise<\/div>\t\t\t<div class=\"elementor-counter-number-wrapper\">\n\t\t\t\t<span class=\"elementor-counter-number-prefix\"><\/span>\n\t\t\t\t<span class=\"elementor-counter-number\" data-duration=\"2000\" data-to-value=\"15\" data-from-value=\"0\">0<\/span>\n\t\t\t\t<span class=\"elementor-counter-number-suffix\">+<\/span>\n\t\t\t<\/div>\n\t\t<\/div>\n\t\t\t\t\t\t<\/div>\n\t\t\t\t<\/div>\n\t\t<div class=\"elementor-element elementor-element-e6006ba e-con-full e-flex e-con e-child\" data-id=\"e6006ba\" data-element_type=\"container\">\n\t\t\t\t<div class=\"elementor-element elementor-element-fd50324 elementor-widget elementor-widget-counter\" data-id=\"fd50324\" data-element_type=\"widget\" data-widget_type=\"counter.default\">\n\t\t\t\t\t\t\t<div class=\"elementor-counter\">\n\t\t\t<div class=\"elementor-counter-title\">Destinations d\u2019exportation<\/div>\t\t\t<div class=\"elementor-counter-number-wrapper\">\n\t\t\t\t<span class=\"elementor-counter-number-prefix\"><\/span>\n\t\t\t\t<span class=\"elementor-counter-number\" data-duration=\"2000\" data-to-value=\"5\" data-from-value=\"0\">0<\/span>\n\t\t\t\t<span class=\"elementor-counter-number-suffix\">+<\/span>\n\t\t\t<\/div>\n\t\t<\/div>\n\t\t\t\t\t\t<\/div>\n\t\t\t\t<\/div>\n\t\t\t\t\t<\/div>\n\t\t\t\t<\/div>\n\t\t\t\t<\/div>","protected":false},"excerpt":{"rendered":"<p>A Few Words About Us Welcome A Few Words About Us EURL CIRTA CONSERVERIE is an Algerian agri-food company based in Kabylia, committed to natural and sustainable practices. Specializing in the transformation and preservation of fruits and vegetables, the company offers 100% natural products made without additives or preservatives. Its approach combines traditional know-how with [&hellip;]<\/p>","protected":false},"author":1,"featured_media":0,"parent":0,"menu_order":0,"comment_status":"closed","ping_status":"closed","template":"","meta":{"site-sidebar-layout":"no-sidebar","site-content-layout":"page-builder","ast-site-content-layout":"default","site-content-style":"default","site-sidebar-style":"default","ast-global-header-display":"","ast-banner-title-visibility":"","ast-main-header-display":"","ast-hfb-above-header-display":"","ast-hfb-below-header-display":"","ast-hfb-mobile-header-display":"","site-post-title":"disabled","ast-breadcrumbs-content":"","ast-featured-img":"disabled","footer-sml-layout":"","theme-transparent-header-meta":"enabled","adv-header-id-meta":"","stick-header-meta":"","header-above-stick-meta":"","header-main-stick-meta":"","header-below-stick-meta":"","astra-migrate-meta-layouts":"default","ast-page-background-enabled":"default","ast-page-background-meta":{"desktop":{"background-color":"","background-image":"","background-repeat":"repeat","background-position":"center center","background-size":"auto","background-attachment":"scroll","background-type":"","background-media":"","overlay-type":"","overlay-color":"","overlay-opacity":"","overlay-gradient":""},"tablet":{"background-color":"","background-image":"","background-repeat":"repeat","background-position":"center center","background-size":"auto","background-attachment":"scroll","background-type":"","background-media":"","overlay-type":"","overlay-color":"","overlay-opacity":"","overlay-gradient":""},"mobile":{"background-color":"","background-image":"","background-repeat":"repeat","background-position":"center center","background-size":"auto","background-attachment":"scroll","background-type":"","background-media":"","overlay-type":"","overlay-color":"","overlay-opacity":"","overlay-gradient":""}},"ast-content-background-meta":{"desktop":{"background-color":"var(--ast-global-color-5)","background-image":"","background-repeat":"repeat","background-position":"center center","background-size":"auto","background-attachment":"scroll","background-type":"","background-media":"","overlay-type":"","overlay-color":"","overlay-opacity":"","overlay-gradient":""},"tablet":{"background-color":"var(--ast-global-color-5)","background-image":"","background-repeat":"repeat","background-position":"center center","background-size":"auto","background-attachment":"scroll","background-type":"","background-media":"","overlay-type":"","overlay-color":"","overlay-opacity":"","overlay-gradient":""},"mobile":{"background-color":"var(--ast-global-color-5)","background-image":"","background-repeat":"repeat","background-position":"center center","background-size":"auto","background-attachment":"scroll","background-type":"","background-media":"","overlay-type":"","overlay-color":"","overlay-opacity":"","overlay-gradient":""}},"footnotes":""},"class_list":["post-659","page","type-page","status-publish","hentry"],"_links":{"self":[{"href":"https:\/\/cirtagro.com\/fr\/wp-json\/wp\/v2\/pages\/659","targetHints":{"allow":["GET"]}}],"collection":[{"href":"https:\/\/cirtagro.com\/fr\/wp-json\/wp\/v2\/pages"}],"about":[{"href":"https:\/\/cirtagro.com\/fr\/wp-json\/wp\/v2\/types\/page"}],"author":[{"embeddable":true,"href":"https:\/\/cirtagro.com\/fr\/wp-json\/wp\/v2\/users\/1"}],"replies":[{"embeddable":true,"href":"https:\/\/cirtagro.com\/fr\/wp-json\/wp\/v2\/comments?post=659"}],"version-history":[{"count":0,"href":"https:\/\/cirtagro.com\/fr\/wp-json\/wp\/v2\/pages\/659\/revisions"}],"wp:attachment":[{"href":"https:\/\/cirtagro.com\/fr\/wp-json\/wp\/v2\/media?parent=659"}],"curies":[{"name":"wp","href":"https:\/\/api.w.org\/{rel}","templated":true}]}}